{"id":8368,"date":"2024-04-22T13:51:17","date_gmt":"2024-04-22T13:51:17","guid":{"rendered":"https:\/\/actabyte.info\/?page_id=8368"},"modified":"2025-05-01T15:30:55","modified_gmt":"2025-05-01T13:30:55","slug":"consultancy","status":"publish","type":"page","link":"https:\/\/actabyte.es\/es\/consultancy\/","title":{"rendered":"Consultor\u00eda"},"content":{"rendered":"<div data-elementor-type=\"wp-page\" data-elementor-id=\"8368\" class=\"elementor elementor-8368\" data-elementor-post-type=\"page\">\n\t\t\t\t<div class=\"elementor-element elementor-element-5c1030ed e-con-full e-flex e-con e-parent\" data-id=\"5c1030ed\" data-element_type=\"container\" data-e-type=\"container\">\n\t\t\t\t<div class=\"elementor-element elementor-element-5dab8c9 elementor-widget elementor-widget-heading\" data-id=\"5dab8c9\" data-element_type=\"widget\" data-e-type=\"widget\" data-widget_type=\"heading.default\">\n\t\t\t\t\t<h2 class=\"elementor-heading-title elementor-size-default\">CONSULTANCY<\/h2>\t\t\t\t<\/div>\n\t\t\t\t<div class=\"elementor-element elementor-element-3df5f6c elementor-widget elementor-widget-text-editor\" data-id=\"3df5f6c\" data-element_type=\"widget\" data-e-type=\"widget\" data-widget_type=\"text-editor.default\">\n\t\t\t\t\t\t\t\t\t<p class=\"vc_custom_heading text-shadow\">Van projectmanagement tot advies: <br \/>onze IT-consultant begeleidt jouw mkb-bedrijf<\/p>\t\t\t\t\t\t\t\t<\/div>\n\t\t\t\t<div class=\"elementor-element elementor-element-414e7039 elementor-widget__width-initial elementor-widget elementor-widget-button\" data-id=\"414e7039\" data-element_type=\"widget\" data-e-type=\"widget\" data-widget_type=\"button.default\">\n\t\t\t\t\t\t\t\t\t\t<a class=\"elementor-button elementor-button-link elementor-size-sm\" href=\"tel:+31880502000\">\n\t\t\t\t\t\t<span class=\"elementor-button-content-wrapper\">\n\t\t\t\t\t\t\t\t\t<span class=\"elementor-button-text\">+31 (0)88 050 2000<\/span>\n\t\t\t\t\t<\/span>\n\t\t\t\t\t<\/a>\n\t\t\t\t\t\t\t\t<\/div>\n\t\t\t\t<div class=\"elementor-element elementor-element-6c743db1 elementor-widget__width-initial elementor-widget elementor-widget-button\" data-id=\"6c743db1\" data-element_type=\"widget\" data-e-type=\"widget\" data-widget_type=\"button.default\">\n\t\t\t\t\t\t\t\t\t\t<a class=\"elementor-button elementor-button-link elementor-size-sm\" href=\"https:\/\/actabyte.nl\/vrijblijvend-kennismaken\/\">\n\t\t\t\t\t\t<span class=\"elementor-button-content-wrapper\">\n\t\t\t\t\t\t<span class=\"elementor-button-icon\">\n\t\t\t\t<svg xmlns=\"http:\/\/www.w3.org\/2000\/svg\" xmlns:xlink=\"http:\/\/www.w3.org\/1999\/xlink\" width=\"1200\" zoomandpan=\"magnify\" viewbox=\"0 0 900 899.99999\" height=\"1200\" preserveaspectratio=\"xMidYMid meet\"><path fill=\"#ffffff\" d=\"M 774.433594 400.332031 L 586.570312 212.46875 C 557.125 183.023438 509.386719 183.023438 479.941406 212.46875 C 450.492188 241.914062 450.492188 289.660156 479.941406 319.105469 L 539.082031 378.25 L 178.832031 378.25 C 137.191406 378.25 103.429688 412.011719 103.429688 453.652344 C 103.429688 495.292969 137.191406 529.054688 178.832031 529.054688 L 539.082031 529.054688 L 479.941406 588.199219 C 450.492188 617.644531 450.492188 665.382812 479.941406 694.828125 C 494.667969 709.554688 513.960938 716.917969 533.257812 716.917969 C 552.550781 716.914062 571.851562 709.554688 586.570312 694.828125 L 774.433594 506.972656 C 788.582031 492.828125 796.527344 473.652344 796.527344 453.652344 C 796.527344 433.652344 788.582031 414.472656 774.433594 400.332031 \" fill-opacity=\"1\" fill-rule=\"nonzero\"><\/path><\/svg>\t\t\t<\/span>\n\t\t\t\t\t\t\t\t\t<span class=\"elementor-button-text\">pedir cita<\/span>\n\t\t\t\t\t<\/span>\n\t\t\t\t\t<\/a>\n\t\t\t\t\t\t\t\t<\/div>\n\t\t\t\t<\/div>\n\t\t<div class=\"elementor-element elementor-element-0c5430e e-flex e-con-boxed e-con e-parent\" data-id=\"0c5430e\" data-element_type=\"container\" data-e-type=\"container\" data-settings=\"{&quot;background_background&quot;:&quot;classic&quot;}\">\n\t\t\t\t\t<div class=\"e-con-inner\">\n\t\t\t\t<div class=\"elementor-element elementor-element-cee7078 elementor-widget elementor-widget-text-editor\" data-id=\"cee7078\" data-element_type=\"widget\" data-e-type=\"widget\" data-widget_type=\"text-editor.default\">\n\t\t\t\t\t\t\t\t\t<p class=\"\" data-start=\"190\" data-end=\"493\">Ben je op zoek naar een betrouwbare IT-partner die meedenkt met jouw mkb-organisatie? Actabyte uit Delft staat voor je klaar. Wij combineren diepgaande IT-kennis met jarenlange ervaring in managed services, en helpen je bij het ontwerpen, optimaliseren \u00e9n beheren van een toekomstbestendige IT-omgeving.<\/p><p class=\"\" data-start=\"495\" data-end=\"724\">We begrijpen de uitdagingen van het mkb en bieden consultancy op maat. Van strategisch advies tot het begeleiden van complexe IT-projecten \u2014 wij zorgen voor grip, structuur en slimme oplossingen die echt werken voor jouw bedrijf.<\/p><p class=\"\" data-start=\"726\" data-end=\"777\"><strong data-start=\"726\" data-end=\"777\">Onze IT-consultants helpen je onder andere met:<\/strong><\/p><ul><li data-start=\"781\" data-end=\"828\">Strategisch IT-advies en roadmap-ontwikkeling<\/li><li data-start=\"781\" data-end=\"828\"><span style=\"background-color: transparent;\">Cloudmigraties en hybride werkplekoplossingen<\/span><\/li><li data-start=\"781\" data-end=\"828\">Netwerk- en infrastructuurverbetering<\/li><li data-start=\"781\" data-end=\"828\">Security-audits en databeveiliging<\/li><li data-start=\"781\" data-end=\"828\">Optimalisatie van Microsoft 365 en andere werkplekoplossingen<\/li><li data-start=\"781\" data-end=\"828\">IT-projectmanagement en begeleiding van implementaties<\/li><li data-start=\"781\" data-end=\"828\">Advies over compliance, AVG en risicoanalyse<\/li><\/ul>\t\t\t\t\t\t\t\t<\/div>\n\t\t\t\t\t<\/div>\n\t\t\t\t<\/div>\n\t\t<div class=\"elementor-element elementor-element-b26330c e-flex e-con-boxed e-con e-parent\" data-id=\"b26330c\" data-element_type=\"container\" data-e-type=\"container\" data-settings=\"{&quot;background_background&quot;:&quot;classic&quot;}\">\n\t\t\t\t\t<div class=\"e-con-inner\">\n\t\t<div class=\"elementor-element elementor-element-b62c87e e-con-full e-flex e-con e-child\" data-id=\"b62c87e\" data-element_type=\"container\" data-e-type=\"container\" data-settings=\"{&quot;background_background&quot;:&quot;classic&quot;}\">\n\t\t\t\t<div class=\"elementor-element elementor-element-8677878 elementor-position-top elementor-widget elementor-widget-image-box\" data-id=\"8677878\" data-element_type=\"widget\" data-e-type=\"widget\" data-widget_type=\"image-box.default\">\n\t\t\t\t\t<div class=\"elementor-image-box-wrapper\"><figure class=\"elementor-image-box-img\"><a href=\"https:\/\/actabyte.nl\/microsoft-365-business-voice\/\" tabindex=\"-1\"><img fetchpriority=\"high\" decoding=\"async\" width=\"1080\" height=\"1080\" src=\"https:\/\/actabyte.es\/wp-content\/uploads\/2025\/05\/consultancy-microsoft.png\" class=\"attachment-full size-full wp-image-10370\" alt=\"\" srcset=\"https:\/\/actabyte.es\/wp-content\/uploads\/2025\/05\/consultancy-microsoft.png 1080w, https:\/\/actabyte.es\/wp-content\/uploads\/2025\/05\/consultancy-microsoft-300x300.png 300w, https:\/\/actabyte.es\/wp-content\/uploads\/2025\/05\/consultancy-microsoft-1024x1024.png 1024w, https:\/\/actabyte.es\/wp-content\/uploads\/2025\/05\/consultancy-microsoft-150x150.png 150w, https:\/\/actabyte.es\/wp-content\/uploads\/2025\/05\/consultancy-microsoft-768x768.png 768w\" sizes=\"(max-width: 1080px) 100vw, 1080px\" \/><\/a><\/figure><div class=\"elementor-image-box-content\"><h3 class=\"elementor-image-box-title\"><a href=\"https:\/\/actabyte.nl\/microsoft-365-business-voice\/\">Projecten en <br>IT-consultancy <\/a><\/h3><p class=\"elementor-image-box-description\">Wij ontwerpen, implementeren en beheren moderne Microsoft-omgevingen zoals Microsoft 365, SharePoint, Teams en OneDrive. Daarnaast adviseren we bij IT-vraagstukken rond netwerken, back-up, virtualisatie en Desktop as a Service (DaaS).<br><br>\n<\/p><\/div><\/div>\t\t\t\t<\/div>\n\t\t\t\t<\/div>\n\t\t<div class=\"elementor-element elementor-element-e9e56fd e-con-full e-flex e-con e-child\" data-id=\"e9e56fd\" data-element_type=\"container\" data-e-type=\"container\">\n\t\t\t\t<div class=\"elementor-element elementor-element-56e0d47 elementor-position-top elementor-widget elementor-widget-image-box\" data-id=\"56e0d47\" data-element_type=\"widget\" data-e-type=\"widget\" data-widget_type=\"image-box.default\">\n\t\t\t\t\t<div class=\"elementor-image-box-wrapper\"><figure class=\"elementor-image-box-img\"><a href=\"https:\/\/actabyte.nl\/xelion-managed-voice\/\" tabindex=\"-1\"><img decoding=\"async\" width=\"1080\" height=\"1080\" src=\"https:\/\/actabyte.es\/wp-content\/uploads\/2025\/05\/CONSULTANCY-ERVAREN.png\" class=\"attachment-full size-full wp-image-10369\" alt=\"\" srcset=\"https:\/\/actabyte.es\/wp-content\/uploads\/2025\/05\/CONSULTANCY-ERVAREN.png 1080w, https:\/\/actabyte.es\/wp-content\/uploads\/2025\/05\/CONSULTANCY-ERVAREN-300x300.png 300w, https:\/\/actabyte.es\/wp-content\/uploads\/2025\/05\/CONSULTANCY-ERVAREN-1024x1024.png 1024w, https:\/\/actabyte.es\/wp-content\/uploads\/2025\/05\/CONSULTANCY-ERVAREN-150x150.png 150w, https:\/\/actabyte.es\/wp-content\/uploads\/2025\/05\/CONSULTANCY-ERVAREN-768x768.png 768w\" sizes=\"(max-width: 1080px) 100vw, 1080px\" \/><\/a><\/figure><div class=\"elementor-image-box-content\"><h3 class=\"elementor-image-box-title\"><a href=\"https:\/\/actabyte.nl\/xelion-managed-voice\/\">Ervaren en deskundig<\/a><\/h3><p class=\"elementor-image-box-description\">Sinds 2001 werken wij met uiteenlopende technologie\u00ebn en branches. Door constante training en certificering blijven we op de hoogte van de nieuwste IT-ontwikkelingen, zodat we altijd actuele en onderbouwde adviezen geven.<br><br><br>\n\n<\/p><\/div><\/div>\t\t\t\t<\/div>\n\t\t\t\t<\/div>\n\t\t<div class=\"elementor-element elementor-element-30f1e11 e-con-full e-flex e-con e-child\" data-id=\"30f1e11\" data-element_type=\"container\" data-e-type=\"container\">\n\t\t\t\t<div class=\"elementor-element elementor-element-09bd6ed elementor-position-top elementor-widget elementor-widget-image-box\" data-id=\"09bd6ed\" data-element_type=\"widget\" data-e-type=\"widget\" data-widget_type=\"image-box.default\">\n\t\t\t\t\t<div class=\"elementor-image-box-wrapper\"><figure class=\"elementor-image-box-img\"><a href=\"https:\/\/actabyte.nl\/xelion-managed-voice\/\" tabindex=\"-1\"><img decoding=\"async\" width=\"1080\" height=\"1080\" src=\"https:\/\/actabyte.es\/wp-content\/uploads\/2025\/05\/consultancy-helder.png\" class=\"attachment-full size-full wp-image-10371\" alt=\"\" srcset=\"https:\/\/actabyte.es\/wp-content\/uploads\/2025\/05\/consultancy-helder.png 1080w, https:\/\/actabyte.es\/wp-content\/uploads\/2025\/05\/consultancy-helder-300x300.png 300w, https:\/\/actabyte.es\/wp-content\/uploads\/2025\/05\/consultancy-helder-1024x1024.png 1024w, https:\/\/actabyte.es\/wp-content\/uploads\/2025\/05\/consultancy-helder-150x150.png 150w, https:\/\/actabyte.es\/wp-content\/uploads\/2025\/05\/consultancy-helder-768x768.png 768w\" sizes=\"(max-width: 1080px) 100vw, 1080px\" \/><\/a><\/figure><div class=\"elementor-image-box-content\"><h3 class=\"elementor-image-box-title\"><a href=\"https:\/\/actabyte.nl\/xelion-managed-voice\/\">Helder en betrouwbaar<\/a><\/h3><p class=\"elementor-image-box-description\">Bij Actabyte doen we wat we beloven. Geen jargon of vage beloftes, maar duidelijke taal en afspraken waar je op kunt bouwen. Wij maken IT begrijpelijk en zorgen voor transparante communicatie.<br> <br><br><br>\n<\/p><\/div><\/div>\t\t\t\t<\/div>\n\t\t\t\t<\/div>\n\t\t\t\t\t<\/div>\n\t\t\t\t<\/div>\n\t\t\t\t<section class=\"elementor-section elementor-top-section elementor-element elementor-element-4fd157f3 elementor-section-content-middle elementor-section-boxed elementor-section-height-default elementor-section-height-default\" data-id=\"4fd157f3\" data-element_type=\"section\" data-e-type=\"section\" data-settings=\"{&quot;background_background&quot;:&quot;classic&quot;}\">\n\t\t\t\t\t\t\t<div class=\"elementor-background-overlay\"><\/div>\n\t\t\t\t\t\t\t<div class=\"elementor-container elementor-column-gap-no\">\n\t\t\t\t\t<div class=\"elementor-column elementor-col-50 elementor-top-column elementor-element elementor-element-22d95ba1\" data-id=\"22d95ba1\" data-element_type=\"column\" data-e-type=\"column\">\n\t\t\t<div class=\"elementor-widget-wrap elementor-element-populated\">\n\t\t\t\t\t\t<div class=\"elementor-element elementor-element-16c705d5 elementor-widget-divider--view-line elementor-widget elementor-widget-divider\" data-id=\"16c705d5\" data-element_type=\"widget\" data-e-type=\"widget\" data-widget_type=\"divider.default\">\n\t\t\t\t\t\t\t<div class=\"elementor-divider\">\n\t\t\t<span class=\"elementor-divider-separator\">\n\t\t\t\t\t\t<\/span>\n\t\t<\/div>\n\t\t\t\t\t\t<\/div>\n\t\t\t\t\t<\/div>\n\t\t<\/div>\n\t\t\t\t<div class=\"elementor-column elementor-col-50 elementor-top-column elementor-element elementor-element-7f36646c\" data-id=\"7f36646c\" data-element_type=\"column\" data-e-type=\"column\">\n\t\t\t<div class=\"elementor-widget-wrap elementor-element-populated\">\n\t\t\t\t\t\t<div class=\"elementor-element elementor-element-43857d96 elementor-widget elementor-widget-heading\" data-id=\"43857d96\" data-element_type=\"widget\" data-e-type=\"widget\" data-widget_type=\"heading.default\">\n\t\t\t\t\t<h5 class=\"elementor-heading-title elementor-size-default\">klaar voor de toekomst<\/h5>\t\t\t\t<\/div>\n\t\t\t\t<div class=\"elementor-element elementor-element-570462b8 elementor-widget elementor-widget-text-editor\" data-id=\"570462b8\" data-element_type=\"widget\" data-e-type=\"widget\" data-widget_type=\"text-editor.default\">\n\t\t\t\t\t\t\t\t\t<p>Laat Actabyte je bedrijf transformeren met deskundige IT-consultancy op maat. Van het adviseren over jouw IT-omgeving tot het beheren van complexe projecten, onze consultants staan klaar om jouw bedrijf naar nieuwe hoogten te brengen. Vertrouw op Actabyte voor oplossingen die perfect passen bij jouw behoeften en ambities, en ontdek hoe onze expertise het verschil kan maken voor jouw bedrijf.<\/p>\t\t\t\t\t\t\t\t<\/div>\n\t\t\t\t<div class=\"elementor-element elementor-element-41d0fac elementor-align-right elementor-mobile-align-center elementor-widget elementor-widget-button\" data-id=\"41d0fac\" data-element_type=\"widget\" data-e-type=\"widget\" data-widget_type=\"button.default\">\n\t\t\t\t\t\t\t\t\t\t<a class=\"elementor-button elementor-button-link elementor-size-sm\" href=\"#\">\n\t\t\t\t\t\t<span class=\"elementor-button-content-wrapper\">\n\t\t\t\t\t\t<span class=\"elementor-button-icon\">\n\t\t\t\t<svg xmlns=\"http:\/\/www.w3.org\/2000\/svg\" xmlns:xlink=\"http:\/\/www.w3.org\/1999\/xlink\" width=\"1200\" zoomandpan=\"magnify\" viewbox=\"0 0 900 899.99999\" height=\"1200\" preserveaspectratio=\"xMidYMid meet\"><path fill=\"#ffffff\" d=\"M 774.433594 400.332031 L 586.570312 212.46875 C 557.125 183.023438 509.386719 183.023438 479.941406 212.46875 C 450.492188 241.914062 450.492188 289.660156 479.941406 319.105469 L 539.082031 378.25 L 178.832031 378.25 C 137.191406 378.25 103.429688 412.011719 103.429688 453.652344 C 103.429688 495.292969 137.191406 529.054688 178.832031 529.054688 L 539.082031 529.054688 L 479.941406 588.199219 C 450.492188 617.644531 450.492188 665.382812 479.941406 694.828125 C 494.667969 709.554688 513.960938 716.917969 533.257812 716.917969 C 552.550781 716.914062 571.851562 709.554688 586.570312 694.828125 L 774.433594 506.972656 C 788.582031 492.828125 796.527344 473.652344 796.527344 453.652344 C 796.527344 433.652344 788.582031 414.472656 774.433594 400.332031 \" fill-opacity=\"1\" fill-rule=\"nonzero\"><\/path><\/svg>\t\t\t<\/span>\n\t\t\t\t\t\t\t\t\t<span class=\"elementor-button-text\">p\u00f3ngase en contacto con<\/span>\n\t\t\t\t\t<\/span>\n\t\t\t\t\t<\/a>\n\t\t\t\t\t\t\t\t<\/div>\n\t\t\t\t\t<\/div>\n\t\t<\/div>\n\t\t\t\t\t<\/div>\n\t\t<\/section>\n\t\t\t\t<section class=\"elementor-section elementor-top-section elementor-element elementor-element-261e8551 elementor-section-boxed elementor-section-height-default elementor-section-height-default\" data-id=\"261e8551\" data-element_type=\"section\" data-e-type=\"section\">\n\t\t\t\t\t\t<div class=\"elementor-container elementor-column-gap-default\">\n\t\t\t\t\t<div class=\"elementor-column elementor-col-100 elementor-top-column elementor-element elementor-element-781cd152\" data-id=\"781cd152\" data-element_type=\"column\" data-e-type=\"column\">\n\t\t\t<div class=\"elementor-widget-wrap elementor-element-populated\">\n\t\t\t\t\t\t<div class=\"elementor-element elementor-element-48b0d0c5 elementor-widget elementor-widget-spacer\" data-id=\"48b0d0c5\" data-element_type=\"widget\" data-e-type=\"widget\" data-widget_type=\"spacer.default\">\n\t\t\t\t\t\t\t<div class=\"elementor-spacer\">\n\t\t\t<div class=\"elementor-spacer-inner\"><\/div>\n\t\t<\/div>\n\t\t\t\t\t\t<\/div>\n\t\t\t\t\t<\/div>\n\t\t<\/div>\n\t\t\t\t\t<\/div>\n\t\t<\/section>\n\t\t\t\t<section class=\"elementor-section elementor-top-section elementor-element elementor-element-25e70a47 elementor-section-boxed elementor-section-height-default elementor-section-height-default\" data-id=\"25e70a47\" data-element_type=\"section\" data-e-type=\"section\">\n\t\t\t\t\t\t<div class=\"elementor-container elementor-column-gap-default\">\n\t\t\t\t\t<div class=\"elementor-column elementor-col-100 elementor-top-column elementor-element elementor-element-76ed113e\" data-id=\"76ed113e\" data-element_type=\"column\" data-e-type=\"column\">\n\t\t\t<div class=\"elementor-widget-wrap elementor-element-populated\">\n\t\t\t\t\t\t<div class=\"elementor-element elementor-element-109f32bc elementor-cta--skin-classic elementor-animated-content elementor-bg-transform elementor-bg-transform-zoom-in elementor-widget elementor-widget-call-to-action\" data-id=\"109f32bc\" data-element_type=\"widget\" data-e-type=\"widget\" data-widget_type=\"call-to-action.default\">\n\t\t\t\t\t\t\t<div class=\"elementor-cta\">\n\t\t\t\t\t<div class=\"elementor-cta__bg-wrapper\">\n\t\t\t\t<div class=\"elementor-cta__bg elementor-bg\" style=\"background-image: url(https:\/\/actabyte.es\/wp-content\/uploads\/2024\/01\/Banner-overstapservice-1024x307.png);\" role=\"img\" aria-label=\"Banner overstapservice\"><\/div>\n\t\t\t\t<div class=\"elementor-cta__bg-overlay\"><\/div>\n\t\t\t<\/div>\n\t\t\t\t\t\t\t<div class=\"elementor-cta__content\">\n\t\t\t\t\n\t\t\t\t\t\t\t\t\t<h2 class=\"elementor-cta__title elementor-cta__content-item elementor-content-item\">\n\t\t\t\t\t\tDe Actabyte Overstapservice: Een naadloze transitie naar een betere IT-partner\t\t\t\t\t<\/h2>\n\t\t\t\t\n\t\t\t\t\t\t\t\t\t<div class=\"elementor-cta__description elementor-cta__content-item elementor-content-item\">\n\t\t\t\t\t\tSi est\u00e1 considerando cambiar a un nuevo partner de TI, en Actabyte entendemos que puede ser una decisi\u00f3n desafiante y a veces dr\u00e1stica. Por eso hemos desarrollado el Servicio de Transferencia Actabyte, que est\u00e1 especialmente dise\u00f1ado para hacer que la transici\u00f3n a Actabyte sea suave, f\u00e1cil y sin preocupaciones.\t\t\t\t\t<\/div>\n\t\t\t\t\n\t\t\t\t\t\t\t\t\t<div class=\"elementor-cta__button-wrapper elementor-cta__content-item elementor-content-item\">\n\t\t\t\t\t<a class=\"elementor-cta__button elementor-button elementor-size-\" href=\"https:\/\/actabyte.nl\/overstapservice\/\">\n\t\t\t\t\t\tM\u00c1S INFORMACI\u00d3N\t\t\t\t\t<\/a>\n\t\t\t\t\t<\/div>\n\t\t\t\t\t\t\t<\/div>\n\t\t\t\t\t\t<\/div>\n\t\t\t\t\t\t<\/div>\n\t\t\t\t\t<\/div>\n\t\t<\/div>\n\t\t\t\t\t<\/div>\n\t\t<\/section>\n\t\t\t\t<\/div>","protected":false},"excerpt":{"rendered":"<p>CONSULTANCY Van projectmanagement tot advies: onze IT-consultant begeleidt jouw mkb-bedrijf +31 (0)88 050 2000 afspraak maken Ben je op zoek naar een betrouwbare IT-partner die meedenkt met jouw mkb-organisatie? Actabyte uit Delft staat voor je klaar. Wij combineren diepgaande IT-kennis met jarenlange ervaring in managed services, en helpen je bij het ontwerpen, optimaliseren \u00e9n beheren [&hellip;]<\/p>","protected":false},"author":3,"featured_media":0,"parent":0,"menu_order":0,"comment_status":"closed","ping_status":"closed","template":"","meta":{"_monsterinsights_skip_tracking":false,"_monsterinsights_sitenote_active":false,"_monsterinsights_sitenote_note":"","_monsterinsights_sitenote_category":0,"footnotes":""},"class_list":["post-8368","page","type-page","status-publish","hentry"],"aioseo_notices":[],"_links":{"self":[{"href":"https:\/\/actabyte.es\/es\/wp-json\/wp\/v2\/pages\/8368","targetHints":{"allow":["GET"]}}],"collection":[{"href":"https:\/\/actabyte.es\/es\/wp-json\/wp\/v2\/pages"}],"about":[{"href":"https:\/\/actabyte.es\/es\/wp-json\/wp\/v2\/types\/page"}],"author":[{"embeddable":true,"href":"https:\/\/actabyte.es\/es\/wp-json\/wp\/v2\/users\/3"}],"replies":[{"embeddable":true,"href":"https:\/\/actabyte.es\/es\/wp-json\/wp\/v2\/comments?post=8368"}],"version-history":[{"count":43,"href":"https:\/\/actabyte.es\/es\/wp-json\/wp\/v2\/pages\/8368\/revisions"}],"predecessor-version":[{"id":10422,"href":"https:\/\/actabyte.es\/es\/wp-json\/wp\/v2\/pages\/8368\/revisions\/10422"}],"wp:attachment":[{"href":"https:\/\/actabyte.es\/es\/wp-json\/wp\/v2\/media?parent=8368"}],"curies":[{"name":"wp","href":"https:\/\/api.w.org\/{rel}","templated":true}]}}